{"id":7172,"date":"2026-01-24T18:38:18","date_gmt":"2026-01-24T18:38:18","guid":{"rendered":"https:\/\/casadirkse.nl\/?page_id=7172"},"modified":"2026-01-24T19:01:03","modified_gmt":"2026-01-24T19:01:03","slug":"omgevingstips","status":"publish","type":"page","link":"https:\/\/casadirkse.nl\/index.php\/omgevingstips\/","title":{"rendered":"Omgevingstips"},"content":{"rendered":"\t\t<div data-elementor-type=\"wp-page\" data-elementor-id=\"7172\" class=\"elementor elementor-7172\" data-elementor-post-type=\"page\">\n\t\t\t\t<div class=\"elementor-element elementor-element-3dec1ce e-flex e-con-boxed e-con e-parent\" data-id=\"3dec1ce\" data-element_type=\"container\" data-e-type=\"container\">\n\t\t\t\t\t<div class=\"e-con-inner\">\n\t\t<div class=\"elementor-element elementor-element-a558993 e-con-full e-flex e-con e-child\" data-id=\"a558993\" data-element_type=\"container\" data-e-type=\"container\">\n\t\t\t\t<div class=\"elementor-element elementor-element-4b4b074 elementor-widget elementor-widget-text-editor\" data-id=\"4b4b074\" data-element_type=\"widget\" data-e-type=\"widget\" data-widget_type=\"text-editor.default\">\n\t\t\t\t\t\t\t\t\t<p><strong>M\u00e1laga:<\/strong><strong> bruisend, zonnig en vol charme<\/strong><\/p>\n<p><!-- \/wp:paragraph --><!-- wp:paragraph --><\/p>\n<p>M\u00e1laga is de perfecte mix van strand, cultuur en mediterrane gezelligheid. Slenter door de sfeervolle straten van het historische centrum, ontdek de kunst van Picasso, proef heerlijke tapas op levendige pleinen en geniet van de zon op de brede stadsstranden. Met zijn warme sfeer, moderne haven en eindeloze energie voelt M\u00e1laga als een plek waar elke dag vakantie is. Ontdek het zelf \u2013 M\u00e1laga laat je niet meer los.\u00a0<\/p>\t\t\t\t\t\t\t\t<\/div>\n\t\t\t\t<\/div>\n\t\t<div class=\"elementor-element elementor-element-6ecaaa0 e-con-full e-flex e-con e-child\" data-id=\"6ecaaa0\" data-element_type=\"container\" data-e-type=\"container\">\n\t\t\t\t<div class=\"elementor-element elementor-element-d3aa45c elementor-widget elementor-widget-image\" data-id=\"d3aa45c\" data-element_type=\"widget\" data-e-type=\"widget\" data-widget_type=\"image.default\">\n\t\t\t\t\t\t\t\t\t\t\t\t\t\t\t<img fetchpriority=\"high\" decoding=\"async\" width=\"980\" height=\"554\" src=\"https:\/\/casadirkse.nl\/wp-content\/uploads\/2026\/01\/malaga-1024x579.avif\" class=\"attachment-large size-large wp-image-7179\" alt=\"\" srcset=\"https:\/\/casadirkse.nl\/wp-content\/uploads\/2026\/01\/malaga-1024x579.avif 1024w, https:\/\/casadirkse.nl\/wp-content\/uploads\/2026\/01\/malaga-300x170.avif 300w, https:\/\/casadirkse.nl\/wp-content\/uploads\/2026\/01\/malaga-768x434.avif 768w, https:\/\/casadirkse.nl\/wp-content\/uploads\/2026\/01\/malaga-1536x868.avif 1536w, https:\/\/casadirkse.nl\/wp-content\/uploads\/2026\/01\/malaga-1000x565.avif 1000w, https:\/\/casadirkse.nl\/wp-content\/uploads\/2026\/01\/malaga-850x480.avif 850w, https:\/\/casadirkse.nl\/wp-content\/uploads\/2026\/01\/malaga.avif 1800w\" sizes=\"(max-width: 980px) 100vw, 980px\" \/>\t\t\t\t\t\t\t\t\t\t\t\t\t\t\t<\/div>\n\t\t\t\t<\/div>\n\t\t\t\t\t<\/div>\n\t\t\t\t<\/div>\n\t\t<div class=\"elementor-element elementor-element-95cc37e e-flex e-con-boxed e-con e-parent\" data-id=\"95cc37e\" data-element_type=\"container\" data-e-type=\"container\">\n\t\t\t\t\t<div class=\"e-con-inner\">\n\t\t<div class=\"elementor-element elementor-element-b683124 e-con-full e-flex e-con e-child\" data-id=\"b683124\" data-element_type=\"container\" data-e-type=\"container\">\n\t\t\t\t<div class=\"elementor-element elementor-element-fe0bd20 elementor-widget elementor-widget-image\" data-id=\"fe0bd20\" data-element_type=\"widget\" data-e-type=\"widget\" data-widget_type=\"image.default\">\n\t\t\t\t\t\t\t\t\t\t\t\t\t\t\t<img decoding=\"async\" width=\"980\" height=\"551\" src=\"https:\/\/casadirkse.nl\/wp-content\/uploads\/2026\/01\/marbella-1024x576.webp\" class=\"attachment-large size-large wp-image-7181\" alt=\"\" srcset=\"https:\/\/casadirkse.nl\/wp-content\/uploads\/2026\/01\/marbella-1024x576.webp 1024w, https:\/\/casadirkse.nl\/wp-content\/uploads\/2026\/01\/marbella-300x169.webp 300w, https:\/\/casadirkse.nl\/wp-content\/uploads\/2026\/01\/marbella-768x432.webp 768w, https:\/\/casadirkse.nl\/wp-content\/uploads\/2026\/01\/marbella-1536x864.webp 1536w, https:\/\/casadirkse.nl\/wp-content\/uploads\/2026\/01\/marbella-2048x1152.webp 2048w, https:\/\/casadirkse.nl\/wp-content\/uploads\/2026\/01\/marbella-850x478.webp 850w\" sizes=\"(max-width: 980px) 100vw, 980px\" \/>\t\t\t\t\t\t\t\t\t\t\t\t\t\t\t<\/div>\n\t\t\t\t<\/div>\n\t\t<div class=\"elementor-element elementor-element-e4a8d97 e-con-full e-flex e-con e-child\" data-id=\"e4a8d97\" data-element_type=\"container\" data-e-type=\"container\">\n\t\t\t\t<div class=\"elementor-element elementor-element-9c51fcb elementor-widget elementor-widget-text-editor\" data-id=\"9c51fcb\" data-element_type=\"widget\" data-e-type=\"widget\" data-widget_type=\"text-editor.default\">\n\t\t\t\t\t\t\t\t\t<p><strong>Marbella:<\/strong><strong> luxe, stijl en mediterrane allure<\/strong><\/p>\n<p><!-- \/wp:paragraph --><!-- wp:paragraph --><\/p>\n<p>Marbella betovert met zijn elegante boulevard, exclusieve boetieks en gouden stranden waar het leven in een rustig, zonnig ritme voorbij glijdt. Dwaal door het charmante oude centrum met zijn witte straatjes en oranjebloesem, of geniet van een drankje in de jachthaven van Puerto Ban\u00fas waar glamour nooit ver weg is. Marbella combineert luxe met authentieke Andalusische sfeer \u2013 een bestemming die elke bezoeker onmiddellijk in de watten legt.<\/p>\t\t\t\t\t\t\t\t<\/div>\n\t\t\t\t<\/div>\n\t\t\t\t\t<\/div>\n\t\t\t\t<\/div>\n\t\t<div class=\"elementor-element elementor-element-9150f84 e-flex e-con-boxed e-con e-parent\" data-id=\"9150f84\" data-element_type=\"container\" data-e-type=\"container\">\n\t\t\t\t\t<div class=\"e-con-inner\">\n\t\t<div class=\"elementor-element elementor-element-d625e4e e-con-full e-flex e-con e-child\" data-id=\"d625e4e\" data-element_type=\"container\" data-e-type=\"container\">\n\t\t\t\t<div class=\"elementor-element elementor-element-2cf4a24 elementor-widget elementor-widget-text-editor\" data-id=\"2cf4a24\" data-element_type=\"widget\" data-e-type=\"widget\" data-widget_type=\"text-editor.default\">\n\t\t\t\t\t\t\t\t\t<p><strong>La Cala de Mijas:<\/strong><strong> ontspannen kustdorp met een warme ziel<\/strong><\/p>\n<p><!-- \/wp:paragraph --><!-- wp:paragraph --><\/p>\n<p>La Cala de Mijas is een charmant, laid-back kustplaatsje waar het leven zich afspeelt langs brede stranden, gezellige chiringuito\u2019s en een sfeervolle boulevard. Het dorp ademt rust, maar biedt alles wat je zoekt: heerlijke restaurants, leuke winkels en een vriendelijke, bijna dorpsachtige sfeer. Of je nu komt voor lange strandwandelingen, lekker eten of simpelweg de Zuid-Spaanse zon, La Cala de Mijas voelt direct als thuiskomen aan de Middellandse Zee.<\/p>\t\t\t\t\t\t\t\t<\/div>\n\t\t\t\t<\/div>\n\t\t<div class=\"elementor-element elementor-element-9d60eae e-con-full e-flex e-con e-child\" data-id=\"9d60eae\" data-element_type=\"container\" data-e-type=\"container\">\n\t\t\t\t<div class=\"elementor-element elementor-element-decfc5d elementor-widget elementor-widget-image\" data-id=\"decfc5d\" data-element_type=\"widget\" data-e-type=\"widget\" data-widget_type=\"image.default\">\n\t\t\t\t\t\t\t\t\t\t\t\t\t\t\t<img decoding=\"async\" width=\"980\" height=\"551\" src=\"https:\/\/casadirkse.nl\/wp-content\/uploads\/2026\/01\/calademijas-1024x576.jpg\" class=\"attachment-large size-large wp-image-7185\" alt=\"\" srcset=\"https:\/\/casadirkse.nl\/wp-content\/uploads\/2026\/01\/calademijas-1024x576.jpg 1024w, https:\/\/casadirkse.nl\/wp-content\/uploads\/2026\/01\/calademijas-300x169.jpg 300w, https:\/\/casadirkse.nl\/wp-content\/uploads\/2026\/01\/calademijas-768x432.jpg 768w, https:\/\/casadirkse.nl\/wp-content\/uploads\/2026\/01\/calademijas-850x478.jpg 850w, https:\/\/casadirkse.nl\/wp-content\/uploads\/2026\/01\/calademijas.jpg 1280w\" sizes=\"(max-width: 980px) 100vw, 980px\" \/>\t\t\t\t\t\t\t\t\t\t\t\t\t\t\t<\/div>\n\t\t\t\t<\/div>\n\t\t\t\t\t<\/div>\n\t\t\t\t<\/div>\n\t\t<div class=\"elementor-element elementor-element-39b0833 e-flex e-con-boxed e-con e-parent\" data-id=\"39b0833\" data-element_type=\"container\" data-e-type=\"container\">\n\t\t\t\t\t<div class=\"e-con-inner\">\n\t\t<div class=\"elementor-element elementor-element-b60ce06 e-con-full e-flex e-con e-child\" data-id=\"b60ce06\" data-element_type=\"container\" data-e-type=\"container\">\n\t\t\t\t<div class=\"elementor-element elementor-element-85ce4bc elementor-widget elementor-widget-image\" data-id=\"85ce4bc\" data-element_type=\"widget\" data-e-type=\"widget\" data-widget_type=\"image.default\">\n\t\t\t\t\t\t\t\t\t\t\t\t\t\t\t<img loading=\"lazy\" decoding=\"async\" width=\"600\" height=\"400\" src=\"https:\/\/casadirkse.nl\/wp-content\/uploads\/2026\/01\/Ojen_Placa_6-400.jpg\" class=\"attachment-large size-large wp-image-7189\" alt=\"\" srcset=\"https:\/\/casadirkse.nl\/wp-content\/uploads\/2026\/01\/Ojen_Placa_6-400.jpg 600w, https:\/\/casadirkse.nl\/wp-content\/uploads\/2026\/01\/Ojen_Placa_6-400-300x200.jpg 300w\" sizes=\"(max-width: 600px) 100vw, 600px\" \/>\t\t\t\t\t\t\t\t\t\t\t\t\t\t\t<\/div>\n\t\t\t\t<\/div>\n\t\t<div class=\"elementor-element elementor-element-a2b2f02 e-con-full e-flex e-con e-child\" data-id=\"a2b2f02\" data-element_type=\"container\" data-e-type=\"container\">\n\t\t\t\t<div class=\"elementor-element elementor-element-79c862f elementor-widget elementor-widget-text-editor\" data-id=\"79c862f\" data-element_type=\"widget\" data-e-type=\"widget\" data-widget_type=\"text-editor.default\">\n\t\t\t\t\t\t\t\t\t<p><strong>Oj\u00e9n:<\/strong><strong> een wit bergdorp vol rust en Andalusische charme<\/strong><\/p>\n<p><!-- \/wp:paragraph --><!-- wp:paragraph --><\/p>\n<p>Oj\u00e9n ligt verscholen tussen de bergen net boven Marbella en voelt als een oase van rust. De witgekalkte huisjes, kronkelende straatjes en prachtige uitzichten over de kust geven het dorp een bijna magische sfeer. Geniet van lokale producten, ontdek de traditionele Spaanse gastvrijheid en laat je verrassen door de serene schoonheid van dit authentieke bergdorp. Oj\u00e9n is de perfecte plek om even te ontsnappen aan de drukte en het \u00e9chte Andalusi\u00eb te ervaren.<\/p>\t\t\t\t\t\t\t\t<\/div>\n\t\t\t\t<\/div>\n\t\t\t\t\t<\/div>\n\t\t\t\t<\/div>\n\t\t<div class=\"elementor-element elementor-element-05cc434 e-flex e-con-boxed e-con e-parent\" data-id=\"05cc434\" data-element_type=\"container\" data-e-type=\"container\">\n\t\t\t\t\t<div class=\"e-con-inner\">\n\t\t<div class=\"elementor-element elementor-element-9079cb5 e-con-full e-flex e-con e-child\" data-id=\"9079cb5\" data-element_type=\"container\" data-e-type=\"container\">\n\t\t\t\t<div class=\"elementor-element elementor-element-5cf8179 elementor-widget elementor-widget-text-editor\" data-id=\"5cf8179\" data-element_type=\"widget\" data-e-type=\"widget\" data-widget_type=\"text-editor.default\">\n\t\t\t\t\t\t\t\t\t<p><strong>El Caminito del Rey:<\/strong><strong> een spectaculaire wandeling langs steile kliffen<\/strong><\/p>\n<p><!-- \/wp:paragraph --><!-- wp:paragraph --><\/p>\n<p>El Caminito del Rey is een van de meest indrukwekkende wandelroutes van Spanje: een smal pad dat hoog tegen de rotsen van de El Chorro-kloof ligt, met adembenemende uitzichten over turquoise water en ruige bergwanden. Terwijl je over de houten loopbruggen en glazen platformen loopt, voel je de kracht van de natuur om je heen. Spannend, veilig en onvergetelijk \u2013 El Caminito del Rey is een avontuur dat je zintuigen prikkelt en je hart sneller laat kloppen.<\/p>\t\t\t\t\t\t\t\t<\/div>\n\t\t\t\t<\/div>\n\t\t<div class=\"elementor-element elementor-element-a5ece60 e-con-full e-flex e-con e-child\" data-id=\"a5ece60\" data-element_type=\"container\" data-e-type=\"container\">\n\t\t\t\t<div class=\"elementor-element elementor-element-c253440 elementor-widget elementor-widget-image\" data-id=\"c253440\" data-element_type=\"widget\" data-e-type=\"widget\" data-widget_type=\"image.default\">\n\t\t\t\t\t\t\t\t\t\t\t\t\t\t\t<img loading=\"lazy\" decoding=\"async\" width=\"980\" height=\"441\" src=\"https:\/\/casadirkse.nl\/wp-content\/uploads\/2026\/01\/caminito-rey_s724133308-1024x461.avif\" class=\"attachment-large size-large wp-image-7193\" alt=\"\" srcset=\"https:\/\/casadirkse.nl\/wp-content\/uploads\/2026\/01\/caminito-rey_s724133308-1024x461.avif 1024w, https:\/\/casadirkse.nl\/wp-content\/uploads\/2026\/01\/caminito-rey_s724133308-300x135.avif 300w, https:\/\/casadirkse.nl\/wp-content\/uploads\/2026\/01\/caminito-rey_s724133308-768x346.avif 768w, https:\/\/casadirkse.nl\/wp-content\/uploads\/2026\/01\/caminito-rey_s724133308-1536x691.avif 1536w, https:\/\/casadirkse.nl\/wp-content\/uploads\/2026\/01\/caminito-rey_s724133308-850x383.avif 850w, https:\/\/casadirkse.nl\/wp-content\/uploads\/2026\/01\/caminito-rey_s724133308.avif 1920w\" sizes=\"(max-width: 980px) 100vw, 980px\" \/>\t\t\t\t\t\t\t\t\t\t\t\t\t\t\t<\/div>\n\t\t\t\t<\/div>\n\t\t\t\t\t<\/div>\n\t\t\t\t<\/div>\n\t\t<div class=\"elementor-element elementor-element-9df7c22 e-flex e-con-boxed e-con e-parent\" data-id=\"9df7c22\" data-element_type=\"container\" data-e-type=\"container\">\n\t\t\t\t\t<div class=\"e-con-inner\">\n\t\t<div class=\"elementor-element elementor-element-f04f154 e-con-full e-flex e-con e-child\" data-id=\"f04f154\" data-element_type=\"container\" data-e-type=\"container\">\n\t\t\t\t<div class=\"elementor-element elementor-element-33de10d elementor-widget elementor-widget-text-editor\" data-id=\"33de10d\" data-element_type=\"widget\" data-e-type=\"widget\" data-widget_type=\"text-editor.default\">\n\t\t\t\t\t\t\t\t\t<p><strong>Tapas <\/strong><strong>zijn een van de meest geliefde en gezellige onderdelen van de Spaanse eetcultuur. Hier is een helder overzicht:<\/strong><\/p>\t\t\t\t\t\t\t\t<\/div>\n\t\t\t\t<\/div>\n\t\t<div class=\"elementor-element elementor-element-efd1054 e-con-full e-flex e-con e-child\" data-id=\"efd1054\" data-element_type=\"container\" data-e-type=\"container\">\n\t\t\t\t<\/div>\n\t\t<div class=\"elementor-element elementor-element-3327465 e-con-full e-flex e-con e-child\" data-id=\"3327465\" data-element_type=\"container\" data-e-type=\"container\">\n\t\t\t\t<div class=\"elementor-element elementor-element-891de5e elementor-widget elementor-widget-text-editor\" data-id=\"891de5e\" data-element_type=\"widget\" data-e-type=\"widget\" data-widget_type=\"text-editor.default\">\n\t\t\t\t\t\t\t\t\t<p><strong>Wat zijn tapas?<\/strong><\/p>\n<p>Tapas zijn kleine hapjes of gerechtjes die je deelt aan tafel. Ze vari\u00ebren van eenvoudige olijven tot uitgebreide warme gerechten. Het idee is dat je meerdere smaken probeert, in je eigen tempo, vaak onder het genot van een drankje.<\/p>\n<p><strong>Oorsprong<\/strong><\/p>\n<p>De herkomst van tapas wordt vaak romantisch verklaard: vroeger kregen gasten een plakje ham of een stukje brood\u00a0<em>op hun glas<\/em>\u00a0(tapa = \u201cdeksel\u201d) om vliegen weg te houden. Hoe waar dat precies is, blijft onzeker \u2014 maar de term is gebleven.<\/p>\n<p>\u00a0<\/p>\n<p><strong>Soorten tapas<\/strong><\/p>\n<p>Er zijn talloze soorten, maar een paar klassiekers zijn:<\/p>\n<p>\u2022 Patatas bravas \u2013 krokante aardappeltjes met pittige saus<br \/>\u2022 Tortilla espa\u00f1ola \u2013 Spaanse aardappelomelet<br \/>\u2022 Croquetas \u2013 krokante kroketjes met ham of kip<\/p>\n<p><!-- \/wp:paragraph --><!-- wp:paragraph --><!-- \/wp:paragraph --><!-- wp:paragraph --><!-- \/wp:paragraph --><!-- wp:paragraph --><!-- \/wp:paragraph --><!-- wp:paragraph --><!-- \/wp:paragraph --><!-- wp:paragraph --><!-- \/wp:paragraph --><!-- wp:paragraph --><!-- \/wp:paragraph --><!-- wp:paragraph --><!-- \/wp:paragraph --><!-- wp:paragraph --><!-- \/wp:paragraph --><!-- wp:paragraph --><!-- \/wp:paragraph --><!-- wp:paragraph --><\/p>\n<p>\u00a0<\/p>\t\t\t\t\t\t\t\t<\/div>\n\t\t\t\t<\/div>\n\t\t<div class=\"elementor-element elementor-element-f7b5056 e-con-full e-flex e-con e-child\" data-id=\"f7b5056\" data-element_type=\"container\" data-e-type=\"container\">\n\t\t\t\t<div class=\"elementor-element elementor-element-037f7d6 elementor-widget elementor-widget-image\" data-id=\"037f7d6\" data-element_type=\"widget\" data-e-type=\"widget\" data-widget_type=\"image.default\">\n\t\t\t\t\t\t\t\t\t\t\t\t\t\t\t<img loading=\"lazy\" decoding=\"async\" width=\"980\" height=\"654\" src=\"https:\/\/casadirkse.nl\/wp-content\/uploads\/2026\/01\/tapas.jpeg\" class=\"attachment-large size-large wp-image-7197\" alt=\"\" srcset=\"https:\/\/casadirkse.nl\/wp-content\/uploads\/2026\/01\/tapas.jpeg 1000w, https:\/\/casadirkse.nl\/wp-content\/uploads\/2026\/01\/tapas-300x200.jpeg 300w, https:\/\/casadirkse.nl\/wp-content\/uploads\/2026\/01\/tapas-768x512.jpeg 768w, https:\/\/casadirkse.nl\/wp-content\/uploads\/2026\/01\/tapas-750x500.jpeg 750w\" sizes=\"(max-width: 980px) 100vw, 980px\" \/>\t\t\t\t\t\t\t\t\t\t\t\t\t\t\t<\/div>\n\t\t\t\t<\/div>\n\t\t\t\t\t<\/div>\n\t\t\t\t<\/div>\n\t\t\t\t<\/div>\n\t\t","protected":false},"excerpt":{"rendered":"<p>M\u00e1laga: bruisend, zonnig en vol charme M\u00e1laga is de perfecte mix van strand, cultuur en mediterrane gezelligheid. Slenter door de sfeervolle straten van het historische centrum, ontdek de kunst van Picasso, proef heerlijke tapas op levendige pleinen en geniet van de zon op de brede stadsstranden. Met zijn warme sfeer, moderne haven en eindeloze energie [&hellip;]<\/p>\n","protected":false},"author":1,"featured_media":0,"parent":0,"menu_order":0,"comment_status":"closed","ping_status":"closed","template":"","meta":{"footnotes":""},"class_list":["post-7172","page","type-page","status-publish","hentry"],"_links":{"self":[{"href":"https:\/\/casadirkse.nl\/index.php\/wp-json\/wp\/v2\/pages\/7172","targetHints":{"allow":["GET"]}}],"collection":[{"href":"https:\/\/casadirkse.nl\/index.php\/wp-json\/wp\/v2\/pages"}],"about":[{"href":"https:\/\/casadirkse.nl\/index.php\/wp-json\/wp\/v2\/types\/page"}],"author":[{"embeddable":true,"href":"https:\/\/casadirkse.nl\/index.php\/wp-json\/wp\/v2\/users\/1"}],"replies":[{"embeddable":true,"href":"https:\/\/casadirkse.nl\/index.php\/wp-json\/wp\/v2\/comments?post=7172"}],"version-history":[{"count":28,"href":"https:\/\/casadirkse.nl\/index.php\/wp-json\/wp\/v2\/pages\/7172\/revisions"}],"predecessor-version":[{"id":7212,"href":"https:\/\/casadirkse.nl\/index.php\/wp-json\/wp\/v2\/pages\/7172\/revisions\/7212"}],"wp:attachment":[{"href":"https:\/\/casadirkse.nl\/index.php\/wp-json\/wp\/v2\/media?parent=7172"}],"curies":[{"name":"wp","href":"https:\/\/api.w.org\/{rel}","templated":true}]}}